{"id":337,"date":"2025-07-22T14:48:21","date_gmt":"2025-07-22T12:48:21","guid":{"rendered":"https:\/\/atocha19apartamentsmadrid.es\/?page_id=337"},"modified":"2026-04-10T09:47:43","modified_gmt":"2026-04-10T07:47:43","slug":"lugares-de-interes","status":"publish","type":"page","link":"https:\/\/atocha19apartamentsmadrid.es\/en\/lugares-de-interes\/","title":{"rendered":"Places of interest"},"content":{"rendered":"<section class=\"bde-section-337-100 bde-section\">\n              \n  \n  \n\t\n\n  <div class=\"section-background-overlay\"><\/div>\n\n\n<div class=\"section-container\"><h1 class=\"bde-heading-337-102 bde-heading\">\nPlaces of interest\n<\/h1><div class=\"bde-text-337-103 bde-text\">\nA few minutes' walk from Madrid's most iconic sites.\n<\/div><div class=\"bde-button-337-151 bde-button\">\n    \n                                    \n    \n    \n    \n    \n            \n                    \n            \n            \n\n    \n    \n    \n    \n    \n    <a class=\"breakdance-link button-atom button-atom--primary bde-button__button\" href=\"https:\/\/apartamentosmadrid.bookpage.io\" target=\"_blank\" data-type=\"url\"  >\n\n    \n        <span class=\"button-atom__text\">BOOK<\/span>\n\n        \n        \n                <\/a>\n\n    \n\n\n<\/div><\/div>\n<\/section><section class=\"bde-section-337-104 bde-section\">\n  \n  \n\t\n\n\n\n<div class=\"section-container\"><div class=\"bde-columns-337-105 bde-columns\"><div class=\"bde-column-337-106 bde-column\">\n  \n  \n\t\n\n\n\n<h1 class=\"bde-heading-337-148 bde-heading\">\nSquares and Streets\n<\/h1><div class=\"bde-text-337-109 bde-text\">\nAtocha 19 Apartments Madrid is situated in a prime location in the historic heart of Madrid, on Calle Atocha, one of the most authentic and lively areas of the city. From the apartment, you can reach some of Madrid's most iconic landmarks on foot in just a few minutes. <br><br>Just a 5-minute walk away is the Puerta del Sol, the heart of the city, home to the famous Kilometre 0 and the statue of the Bear and the Strawberry Tree, a symbol of Madrid. Very close by, you can also visit the Plaza Mayor, one of the most historic and beautiful squares in the capital, surrounded by traditional buildings, terraces, and typical restaurants.\n<\/div><div class=\"bde-image-337-110 bde-image\" data-entrance=\"fade\">\n<figure class=\"breakdance-image breakdance-image--578\">\n\t<div class=\"breakdance-image-container\">\n\t\t<div class=\"breakdance-image-clip\"><img loading=\"lazy\" decoding=\"async\" class=\"breakdance-image-object\" src=\"https:\/\/atocha19apartamentsmadrid.es\/wp-content\/uploads\/2026\/03\/atocha-19-apartamentos-madrid-monumentos-y-plazas.jpg\" width=\"1200\" height=\"913\" srcset=\"https:\/\/atocha19apartamentsmadrid.es\/wp-content\/uploads\/2026\/03\/atocha-19-apartamentos-madrid-monumentos-y-plazas.jpg 1200w, https:\/\/atocha19apartamentsmadrid.es\/wp-content\/uploads\/2026\/03\/atocha-19-apartamentos-madrid-monumentos-y-plazas-300x228.jpg 300w, https:\/\/atocha19apartamentsmadrid.es\/wp-content\/uploads\/2026\/03\/atocha-19-apartamentos-madrid-monumentos-y-plazas-1024x779.jpg 1024w, https:\/\/atocha19apartamentsmadrid.es\/wp-content\/uploads\/2026\/03\/atocha-19-apartamentos-madrid-monumentos-y-plazas-768x584.jpg 768w, https:\/\/atocha19apartamentsmadrid.es\/wp-content\/uploads\/2026\/03\/atocha-19-apartamentos-madrid-monumentos-y-plazas-16x12.jpg 16w\" sizes=\"auto, (max-width: 1200px) 100vw, 1200px\"><\/div>\n\t<\/div><\/figure>\n\n<\/div>\n<\/div><div class=\"bde-column-337-111 bde-column\">\n  \n  \n\t\n\n\n\n<img decoding=\"async\" class=\"bde-image2-337-112 bde-image2\" src=\"https:\/\/atocha19apartamentsmadrid.es\/wp-content\/uploads\/2026\/03\/atocha-19-apartamentos-madrid-monumentos-y-museos.jpg\" srcset=\"https:\/\/atocha19apartamentsmadrid.es\/wp-content\/uploads\/2026\/03\/atocha-19-apartamentos-madrid-monumentos-y-museos.jpg 1200w, https:\/\/atocha19apartamentsmadrid.es\/wp-content\/uploads\/2026\/03\/atocha-19-apartamentos-madrid-monumentos-y-museos-300x200.jpg 300w, https:\/\/atocha19apartamentsmadrid.es\/wp-content\/uploads\/2026\/03\/atocha-19-apartamentos-madrid-monumentos-y-museos-1024x682.jpg 1024w, https:\/\/atocha19apartamentsmadrid.es\/wp-content\/uploads\/2026\/03\/atocha-19-apartamentos-madrid-monumentos-y-museos-768x511.jpg 768w, https:\/\/atocha19apartamentsmadrid.es\/wp-content\/uploads\/2026\/03\/atocha-19-apartamentos-madrid-monumentos-y-museos-18x12.jpg 18w\" sizes=\"(max-width: 1200px) 100vw, 1200px\" data-entrance=\"fade\"><h1 class=\"bde-heading-337-150 bde-heading\">\nHistory and Art\n<\/h1><div class=\"bde-text-337-114 bde-text\">\nFor art lovers, the apartment is very close to Madrid's so-called Golden Triangle of Art, home to some of the world's most important museums, such as the Prado Museum, the Reina Sof\u00eda Museum \u2013 where Picasso's famous Guernica is exhibited \u2013 and the Thyssen-Bornemisza Museum.\n<\/div>\n<\/div><\/div><\/div>\n<\/section><section class=\"bde-section-337-116 bde-section\">\n  \n  \n\t\n\n\n\n<div class=\"section-container\"><div class=\"bde-columns-337-117 bde-columns\"><div class=\"bde-column-337-118 bde-column\">\n  \n  \n\t\n\n\n\n<h1 class=\"bde-heading-337-149 bde-heading\">\nMonuments, Parks and Theatres\n<\/h1><div class=\"bde-text-337-121 bde-text\">\nYou will also be able to enjoy the spectacular Retiro Park, Madrid's most famous park, perfect for a stroll, a boat ride on the lake, or a visit to the stunning Crystal Palace. <br><br>If you enjoy shows and musicals, Gran V\u00eda is very close by, known as the Madrid Broadway, where you can enjoy some of the city's most important theatres and musicals, such as the Lope de Vega Theatre, the Rialto Theatre, or the Calder\u00f3n Theatre.\n<\/div><div class=\"bde-image-337-125 bde-image\" data-entrance=\"fade\">\n<figure class=\"breakdance-image breakdance-image--585\">\n\t<div class=\"breakdance-image-container\">\n\t\t<div class=\"breakdance-image-clip\"><img loading=\"lazy\" decoding=\"async\" class=\"breakdance-image-object\" src=\"https:\/\/atocha19apartamentsmadrid.es\/wp-content\/uploads\/2026\/03\/atocha-19-apartamentos-madrid-monumentos-y-parques.jpg\" width=\"997\" height=\"675\" srcset=\"https:\/\/atocha19apartamentsmadrid.es\/wp-content\/uploads\/2026\/03\/atocha-19-apartamentos-madrid-monumentos-y-parques.jpg 997w, https:\/\/atocha19apartamentsmadrid.es\/wp-content\/uploads\/2026\/03\/atocha-19-apartamentos-madrid-monumentos-y-parques-300x203.jpg 300w, https:\/\/atocha19apartamentsmadrid.es\/wp-content\/uploads\/2026\/03\/atocha-19-apartamentos-madrid-monumentos-y-parques-768x520.jpg 768w, https:\/\/atocha19apartamentsmadrid.es\/wp-content\/uploads\/2026\/03\/atocha-19-apartamentos-madrid-monumentos-y-parques-18x12.jpg 18w\" sizes=\"auto, (max-width: 997px) 100vw, 997px\"><\/div>\n\t<\/div><\/figure>\n\n<\/div>\n<\/div><div class=\"bde-column-337-126 bde-column\">\n  \n  \n\t\n\n\n\n<img decoding=\"async\" class=\"bde-image2-337-127 bde-image2\" src=\"https:\/\/atocha19apartamentsmadrid.es\/wp-content\/uploads\/2026\/04\/atocha-19-apartamentos-madrid-churros-10.jpg\" loading=\"lazy\" srcset=\"https:\/\/atocha19apartamentsmadrid.es\/wp-content\/uploads\/2026\/04\/atocha-19-apartamentos-madrid-churros-10.jpg 450w, https:\/\/atocha19apartamentsmadrid.es\/wp-content\/uploads\/2026\/04\/atocha-19-apartamentos-madrid-churros-10-225x300.jpg 225w, https:\/\/atocha19apartamentsmadrid.es\/wp-content\/uploads\/2026\/04\/atocha-19-apartamentos-madrid-churros-10-9x12.jpg 9w\" sizes=\"(max-width: 450px) 100vw, 450px\" data-entrance=\"fade\"><h1 class=\"bde-heading-337-147 bde-heading\">\nGastronomic offer\n<\/h1><h1 class=\"bde-heading-337-146 bde-heading\">\n\n<\/h1><div class=\"bde-text-337-129 bde-text\">\nJust a few minutes' walk away, you'll also find the famous Mercado de San Miguel, one of Spain's best-known gastronomic markets, ideal for tasting tapas, Iberian ham, seafood, and Spanish wines in a lively atmosphere.<br><br><br>The area also boasts a fantastic gastronomic offering where you can discover authentic Madrid cuisine in traditional taverns and restaurants. <br><br>Furthermore, very close to the apartment you can enjoy one of Madrid's great classics: churros with chocolate from Maestro Churrero, made following the traditional Madrile\u00f1o churro-making process since 1902, an unmissable experience for any visitor who wants to discover the most authentic flavours of the city.\n<\/div>\n<\/div><\/div><\/div>\n<\/section>","protected":false},"excerpt":{"rendered":"<p>Lugares de inter\u00e9s A pocos minutos caminando y lugares m\u00e1s emblem\u00e1ticos de Madrid. RESERVAR Plazas y Calles Atocha 19 Apartments Madrid se encuentra en una ubicaci\u00f3n privilegiada en pleno centro hist\u00f3rico de Madrid, en la Calle Atocha, una de las zonas m\u00e1s aut\u00e9nticas y con m\u00e1s vida de la ciudad. Desde el apartamento podr\u00e1s llegar [&hellip;]<\/p>","protected":false},"author":3,"featured_media":0,"parent":0,"menu_order":0,"comment_status":"closed","ping_status":"closed","template":"","meta":{"_breakdance_hide_in_design_set":false,"_breakdance_tags":"","footnotes":""},"class_list":["post-337","page","type-page","status-publish","hentry"],"_links":{"self":[{"href":"https:\/\/atocha19apartamentsmadrid.es\/en\/wp-json\/wp\/v2\/pages\/337","targetHints":{"allow":["GET"]}}],"collection":[{"href":"https:\/\/atocha19apartamentsmadrid.es\/en\/wp-json\/wp\/v2\/pages"}],"about":[{"href":"https:\/\/atocha19apartamentsmadrid.es\/en\/wp-json\/wp\/v2\/types\/page"}],"author":[{"embeddable":true,"href":"https:\/\/atocha19apartamentsmadrid.es\/en\/wp-json\/wp\/v2\/users\/3"}],"replies":[{"embeddable":true,"href":"https:\/\/atocha19apartamentsmadrid.es\/en\/wp-json\/wp\/v2\/comments?post=337"}],"version-history":[{"count":29,"href":"https:\/\/atocha19apartamentsmadrid.es\/en\/wp-json\/wp\/v2\/pages\/337\/revisions"}],"predecessor-version":[{"id":653,"href":"https:\/\/atocha19apartamentsmadrid.es\/en\/wp-json\/wp\/v2\/pages\/337\/revisions\/653"}],"wp:attachment":[{"href":"https:\/\/atocha19apartamentsmadrid.es\/en\/wp-json\/wp\/v2\/media?parent=337"}],"curies":[{"name":"wp","href":"https:\/\/api.w.org\/{rel}","templated":true}]}}